{"id":601,"date":"2019-01-19T21:49:42","date_gmt":"2019-01-19T20:49:42","guid":{"rendered":"https:\/\/haldenquilter.ch\/?page_id=601"},"modified":"2022-01-10T16:18:11","modified_gmt":"2022-01-10T15:18:11","slug":"lilli-ammann","status":"publish","type":"page","link":"https:\/\/haldenquilter.ch\/?page_id=601","title":{"rendered":"Lilly Ammann"},"content":{"rendered":"\n<p class=\"wp-block-paragraph\"><\/p>\n\n\n\n<p class=\"has-text-align-left wp-block-paragraph\">Durch den Besuch einer Quiltausstellung 1995 in Konstanz wurde ich das erste Mal mit Patchwork konfrontiert.<\/p>\n\n\n\n<p class=\"wp-block-paragraph\">Mit Gleichgesinnten aus besuchten Kursen in St Gallen , gr\u00fcndeten wir 2003  die Gruppe Haldenquilter. Die vielen Stoffl\u00e4den, welche ich auf verschiedenen USA Reisen mit meinem Mann besuchen durfte, liessen mein Quiltherz h\u00f6her schlagen und mein Stofflager anwachsen. Durch das kreative Gestalten von Wandbeh\u00e4ngen r\u00fcckt das Herstellen von traditionellen Bett- und Krabbeldecken etwas in den Hintergrund.<br>Nach wie vor liebe ich das Quilten von Hand.<\/p>\n\n\n\n<p class=\"wp-block-paragraph\">Leiterin der Haldenquilter von 2003 bis 2021<br><\/p>\n","protected":false},"excerpt":{"rendered":"<p>Durch den Besuch einer Quiltausstellung 1995 in Konstanz wurde ich das erste Mal mit Patchwork konfrontiert. Mit Gleichgesinnten aus besuchten Kursen in St Gallen , gr\u00fcndeten wir 2003 die Gruppe Haldenquilter. Die vielen Stoffl\u00e4den, welche ich auf verschiedenen USA Reisen mit meinem Mann besuchen durfte, liessen mein Quiltherz h\u00f6her schlagen und mein Stofflager anwachsen. Durch &hellip; <\/p>\n<p class=\"link-more\"><a href=\"https:\/\/haldenquilter.ch\/?page_id=601\" class=\"more-link\"><span class=\"screen-reader-text\">&#171;Lilly Ammann&#187;<\/span> weiterlesen<\/a><\/p>\n","protected":false},"author":2,"featured_media":0,"parent":0,"menu_order":0,"comment_status":"closed","ping_status":"closed","template":"","meta":{"_crdt_document":"","ngg_post_thumbnail":0,"footnotes":""},"class_list":["post-601","page","type-page","status-publish","hentry"],"_links":{"self":[{"href":"https:\/\/haldenquilter.ch\/index.php?rest_route=\/wp\/v2\/pages\/601","targetHints":{"allow":["GET"]}}],"collection":[{"href":"https:\/\/haldenquilter.ch\/index.php?rest_route=\/wp\/v2\/pages"}],"about":[{"href":"https:\/\/haldenquilter.ch\/index.php?rest_route=\/wp\/v2\/types\/page"}],"author":[{"embeddable":true,"href":"https:\/\/haldenquilter.ch\/index.php?rest_route=\/wp\/v2\/users\/2"}],"replies":[{"embeddable":true,"href":"https:\/\/haldenquilter.ch\/index.php?rest_route=%2Fwp%2Fv2%2Fcomments&post=601"}],"version-history":[{"count":4,"href":"https:\/\/haldenquilter.ch\/index.php?rest_route=\/wp\/v2\/pages\/601\/revisions"}],"predecessor-version":[{"id":837,"href":"https:\/\/haldenquilter.ch\/index.php?rest_route=\/wp\/v2\/pages\/601\/revisions\/837"}],"wp:attachment":[{"href":"https:\/\/haldenquilter.ch\/index.php?rest_route=%2Fwp%2Fv2%2Fmedia&parent=601"}],"curies":[{"name":"wp","href":"https:\/\/api.w.org\/{rel}","templated":true}]}}