{"id":628,"date":"2019-03-04T18:06:01","date_gmt":"2019-03-04T17:06:01","guid":{"rendered":"https:\/\/haldenquilter.ch\/?page_id=628"},"modified":"2022-01-11T17:17:06","modified_gmt":"2022-01-11T16:17:06","slug":"aktuelles","status":"publish","type":"page","link":"https:\/\/haldenquilter.ch\/?page_id=628","title":{"rendered":"Aktuelles"},"content":{"rendered":"\n<p class=\"wp-block-paragraph\">Liebe&nbsp; Lilly<\/p>\n\n\n\n<p class=\"wp-block-paragraph\">18 Jahre hast du uns geleitet, mit viel Kompetenz und Enthusiasmus. Viel Arbeit hast du dir<br>gemacht, so konnten wir uns zur\u00fccklehnen und uns voll aufs n\u00e4hen konzentrieren.<br>Du hast uns schon ein bisschen geschockt als du uns er\u00f6ffnet hast, dass du Ende 21 aufh\u00f6ren willst.<\/p>\n\n\n\n<p class=\"wp-block-paragraph\">So manche Ausstellung haben wir zusammen besucht . Unter deiner Leitung hatten wir auch erfolgreiche eigene Ausstellungen die mit viel Arbeit deinerseits verbunden waren.<\/p>\n\n\n\n<p class=\"wp-block-paragraph\">F\u00fcr diese wertvolle Arbeit m\u00f6chten wir uns bei dir herzlich bedanken.<\/p>\n\n\n\n<p class=\"wp-block-paragraph\">Deine Haldenquilterinnen.<\/p>\n\n\n\n<p class=\"wp-block-paragraph\"><\/p>\n\n\n\n<p class=\"wp-block-paragraph\"><\/p>\n\n\n\n<p class=\"wp-block-paragraph\">Leitung <\/p>\n\n\n\n<p class=\"wp-block-paragraph\">Die Leitung wird ab Anfang Januar 2022 von Esther Gamma und Jodie Zollinger \u00fcbernommen.<\/p>\n\n\n\n<p class=\"wp-block-paragraph\"><\/p>\n\n\n\n<h2 class=\"wp-block-heading\" id=\"2015\">2015<\/h2>\n\n\n\n<p class=\"wp-block-paragraph\"><strong><a href=\"https:\/\/haldenquilter.ch\/?page_id=650\">Quilt \u201eToleranz\u201c zum 40. Jubil\u00e4um der Kirche Halden&nbsp; <\/a><\/strong><\/p>\n\n\n\n<p class=\"wp-block-paragraph\"><\/p>\n","protected":false},"excerpt":{"rendered":"<p>Liebe&nbsp; Lilly 18 Jahre hast du uns geleitet, mit viel Kompetenz und Enthusiasmus. Viel Arbeit hast du dirgemacht, so konnten wir uns zur\u00fccklehnen und uns voll aufs n\u00e4hen konzentrieren.Du hast uns schon ein bisschen geschockt als du uns er\u00f6ffnet hast, dass du Ende 21 aufh\u00f6ren willst. So manche Ausstellung haben wir zusammen besucht . Unter &hellip; <\/p>\n<p class=\"link-more\"><a href=\"https:\/\/haldenquilter.ch\/?page_id=628\" class=\"more-link\"><span class=\"screen-reader-text\">&#171;Aktuelles&#187;<\/span> weiterlesen<\/a><\/p>\n","protected":false},"author":2,"featured_media":0,"parent":0,"menu_order":0,"comment_status":"closed","ping_status":"closed","template":"","meta":{"_crdt_document":"","ngg_post_thumbnail":0,"footnotes":""},"class_list":["post-628","page","type-page","status-publish","hentry"],"_links":{"self":[{"href":"https:\/\/haldenquilter.ch\/index.php?rest_route=\/wp\/v2\/pages\/628","targetHints":{"allow":["GET"]}}],"collection":[{"href":"https:\/\/haldenquilter.ch\/index.php?rest_route=\/wp\/v2\/pages"}],"about":[{"href":"https:\/\/haldenquilter.ch\/index.php?rest_route=\/wp\/v2\/types\/page"}],"author":[{"embeddable":true,"href":"https:\/\/haldenquilter.ch\/index.php?rest_route=\/wp\/v2\/users\/2"}],"replies":[{"embeddable":true,"href":"https:\/\/haldenquilter.ch\/index.php?rest_route=%2Fwp%2Fv2%2Fcomments&post=628"}],"version-history":[{"count":8,"href":"https:\/\/haldenquilter.ch\/index.php?rest_route=\/wp\/v2\/pages\/628\/revisions"}],"predecessor-version":[{"id":925,"href":"https:\/\/haldenquilter.ch\/index.php?rest_route=\/wp\/v2\/pages\/628\/revisions\/925"}],"wp:attachment":[{"href":"https:\/\/haldenquilter.ch\/index.php?rest_route=%2Fwp%2Fv2%2Fmedia&parent=628"}],"curies":[{"name":"wp","href":"https:\/\/api.w.org\/{rel}","templated":true}]}}