{"id":676,"date":"2019-06-16T19:53:13","date_gmt":"2019-06-16T17:53:13","guid":{"rendered":"https:\/\/haldenquilter.ch\/?page_id=676"},"modified":"2019-06-16T19:53:13","modified_gmt":"2019-06-16T17:53:13","slug":"wie-ich-zum-quilten-gefunden-habe","status":"publish","type":"page","link":"https:\/\/haldenquilter.ch\/?page_id=676","title":{"rendered":"Wie ich zum Quilten gefunden habe"},"content":{"rendered":"\n<p class=\"wp-block-paragraph\">Ich hatte schon 2-3 Ausstellungen von den Halden Quiltern besucht.<\/p>\n\n\n\n<p class=\"wp-block-paragraph\">W\u00e4re dies etwas f\u00fcr mich?  Ich konnte es mir nicht vorstellen.<\/p>\n\n\n\n<p class=\"wp-block-paragraph\">Dann erfuhr ich, dass es m\u00f6glich sei, bei den Halden Quiltern einen Anf\u00e4nger Kurs zu besuchen. Mein Interesse war geweckt und ich konnte einiges lernen.<\/p>\n\n\n\n<p class=\"wp-block-paragraph\">Seitdem fasziniert es mich immer wieder aufs Neue, Muster auszuprobieren, Stoffe zu kombinieren, und sich in der Gruppe auszutauschen. So bin ich vor ca. 7 Jahren zu den Halden Quiltern gekommen und freue mich jeden Monat auf unser Treffen.<\/p>\n\n\n\n<p class=\"wp-block-paragraph\"><\/p>\n","protected":false},"excerpt":{"rendered":"<p>Ich hatte schon 2-3 Ausstellungen von den Halden Quiltern besucht. W\u00e4re dies etwas f\u00fcr mich? Ich konnte es mir nicht vorstellen. Dann erfuhr ich, dass es m\u00f6glich sei, bei den Halden Quiltern einen Anf\u00e4nger Kurs zu besuchen. Mein Interesse war geweckt und ich konnte einiges lernen. Seitdem fasziniert es mich immer wieder aufs Neue, Muster &hellip; <\/p>\n<p class=\"link-more\"><a href=\"https:\/\/haldenquilter.ch\/?page_id=676\" class=\"more-link\"><span class=\"screen-reader-text\">&#171;Wie ich zum Quilten gefunden habe&#187;<\/span> weiterlesen<\/a><\/p>\n","protected":false},"author":2,"featured_media":0,"parent":0,"menu_order":0,"comment_status":"closed","ping_status":"closed","template":"","meta":{"_crdt_document":"","ngg_post_thumbnail":0,"footnotes":""},"class_list":["post-676","page","type-page","status-publish","hentry"],"_links":{"self":[{"href":"https:\/\/haldenquilter.ch\/index.php?rest_route=\/wp\/v2\/pages\/676","targetHints":{"allow":["GET"]}}],"collection":[{"href":"https:\/\/haldenquilter.ch\/index.php?rest_route=\/wp\/v2\/pages"}],"about":[{"href":"https:\/\/haldenquilter.ch\/index.php?rest_route=\/wp\/v2\/types\/page"}],"author":[{"embeddable":true,"href":"https:\/\/haldenquilter.ch\/index.php?rest_route=\/wp\/v2\/users\/2"}],"replies":[{"embeddable":true,"href":"https:\/\/haldenquilter.ch\/index.php?rest_route=%2Fwp%2Fv2%2Fcomments&post=676"}],"version-history":[{"count":1,"href":"https:\/\/haldenquilter.ch\/index.php?rest_route=\/wp\/v2\/pages\/676\/revisions"}],"predecessor-version":[{"id":678,"href":"https:\/\/haldenquilter.ch\/index.php?rest_route=\/wp\/v2\/pages\/676\/revisions\/678"}],"wp:attachment":[{"href":"https:\/\/haldenquilter.ch\/index.php?rest_route=%2Fwp%2Fv2%2Fmedia&parent=676"}],"curies":[{"name":"wp","href":"https:\/\/api.w.org\/{rel}","templated":true}]}}