{"id":680,"date":"2019-06-16T20:19:02","date_gmt":"2019-06-16T18:19:02","guid":{"rendered":"https:\/\/haldenquilter.ch\/?page_id=680"},"modified":"2019-06-17T09:48:20","modified_gmt":"2019-06-17T07:48:20","slug":"mein-weg-zum-quilten","status":"publish","type":"page","link":"https:\/\/haldenquilter.ch\/?page_id=680","title":{"rendered":"Mein Weg zum Quilten"},"content":{"rendered":"\n<p class=\"wp-block-paragraph\">Dank meiner beruflichen T\u00e4tigkeit als Schneiderin hat sich im Laufe der Jahre ein ansehnliches Stofflager angh\u00e4uft.<\/p>\n\n\n\n<p class=\"wp-block-paragraph\">Da ich schon immer Freude am textilen Handwerk hatte, sei es Stricken, Sticken oder H\u00e4keln, lag es auf der Hand, es auch mal mit Patchkwork zu versuchen. So entstand vor ca. 10 Jahren mein erster Doppelbett Quilt und durch eine Ausstellung im St Galler Waaghaus bin ich dann auf die Halden Quilter aufmerksam geworden.<\/p>\n\n\n\n<p class=\"wp-block-paragraph\">Durch den regen Austausch mit den Kolleginen hat sich meine Freude an dieser Handwerks-Kunst vertieft, sodass inzwischen einige Werke entstanden sind.<\/p>\n\n\n\n<p class=\"wp-block-paragraph\">Nur der Plan mein Stofflager zu verkleinern hat sich als Utopie erwiesen. Immer wieder kommen wunderbare Stoffe hinzu um f\u00fcr neue Projekte verwendet zu werden.<\/p>\n","protected":false},"excerpt":{"rendered":"<p>Dank meiner beruflichen T\u00e4tigkeit als Schneiderin hat sich im Laufe der Jahre ein ansehnliches Stofflager angh\u00e4uft. Da ich schon immer Freude am textilen Handwerk hatte, sei es Stricken, Sticken oder H\u00e4keln, lag es auf der Hand, es auch mal mit Patchkwork zu versuchen. So entstand vor ca. 10 Jahren mein erster Doppelbett Quilt und durch &hellip; <\/p>\n<p class=\"link-more\"><a href=\"https:\/\/haldenquilter.ch\/?page_id=680\" class=\"more-link\"><span class=\"screen-reader-text\">&#171;Mein Weg zum Quilten&#187;<\/span> weiterlesen<\/a><\/p>\n","protected":false},"author":2,"featured_media":0,"parent":0,"menu_order":0,"comment_status":"closed","ping_status":"closed","template":"","meta":{"_crdt_document":"","ngg_post_thumbnail":0,"footnotes":""},"class_list":["post-680","page","type-page","status-publish","hentry"],"_links":{"self":[{"href":"https:\/\/haldenquilter.ch\/index.php?rest_route=\/wp\/v2\/pages\/680","targetHints":{"allow":["GET"]}}],"collection":[{"href":"https:\/\/haldenquilter.ch\/index.php?rest_route=\/wp\/v2\/pages"}],"about":[{"href":"https:\/\/haldenquilter.ch\/index.php?rest_route=\/wp\/v2\/types\/page"}],"author":[{"embeddable":true,"href":"https:\/\/haldenquilter.ch\/index.php?rest_route=\/wp\/v2\/users\/2"}],"replies":[{"embeddable":true,"href":"https:\/\/haldenquilter.ch\/index.php?rest_route=%2Fwp%2Fv2%2Fcomments&post=680"}],"version-history":[{"count":2,"href":"https:\/\/haldenquilter.ch\/index.php?rest_route=\/wp\/v2\/pages\/680\/revisions"}],"predecessor-version":[{"id":693,"href":"https:\/\/haldenquilter.ch\/index.php?rest_route=\/wp\/v2\/pages\/680\/revisions\/693"}],"wp:attachment":[{"href":"https:\/\/haldenquilter.ch\/index.php?rest_route=%2Fwp%2Fv2%2Fmedia&parent=680"}],"curies":[{"name":"wp","href":"https:\/\/api.w.org\/{rel}","templated":true}]}}