{"id":730,"date":"2019-08-10T22:47:23","date_gmt":"2019-08-10T20:47:23","guid":{"rendered":"https:\/\/haldenquilter.ch\/?page_id=730"},"modified":"2022-01-10T16:30:09","modified_gmt":"2022-01-10T15:30:09","slug":"730-2","status":"publish","type":"page","link":"https:\/\/haldenquilter.ch\/?page_id=730","title":{"rendered":"Jodie Zollinger"},"content":{"rendered":"\n<p class=\"wp-block-paragraph\">Leiterin ab Januar 2022 mit Esther Gamma<\/p>\n\n\n\n<p class=\"wp-block-paragraph\">F\u00fcr viele Jahre wollte ich einfach Accessoires wie Kissen und Tischsets f\u00fcr mein Zuhause n\u00e4hen. Damals schien es, als ob alles Deko Zubeh\u00f6r in der  Schweiz nur in drei Farben erh\u00e4ltlich w\u00e4re; rot schwarz und grau. Ich liebte Farben und Muster und ich wollte mein Haus irgendwie besonders dekorieren. <\/p>\n\n\n\n<p class=\"wp-block-paragraph\">Es war aber erst auf einer Reise nach Amsterdam, wo ich zwei Quilt L\u00e4den besuchte und angesichts der vielen Farben und Muster zum Quilten inspiriert wurde.<\/p>\n\n\n\n<p class=\"wp-block-paragraph\">Leider hatte ich keine N\u00e4herfahrung. Nach einem Jahr habe ich endlich angefangen, mir das N\u00e4hen selbst beizubringen und habe irgendwann auch Hilfe gefunden.<\/p>\n\n\n\n<p class=\"wp-block-paragraph\">Nachdem ich meinen ersten Quilt fertig hatte, verliebte ich mich schnell in die Kunst von Quilts und ihre reiche Geschichte.<\/p>\n\n\n\n<p class=\"wp-block-paragraph\"> Wiederum etwa ein Jahr darauf endeckte ich die Halden Quilter und habe ihre Ausstellung und ihre Treffen besucht. Nachdem ich einen Nachmittag mit diesen Frauen verbracht hatte, wusste ich, dass arbeiten an Quilts und das in Gegenwart von anderen kreativen Frauen, die eine Liebe zu Quilts teilen, genau das war, was ich brauchte, um inspiriert und motiviert zu bleiben.<\/p>\n\n\n\n<p class=\"wp-block-paragraph\">Seit ich mit Quilts begonnen habe, habe ich eine Leidenschaft  f\u00fcrs Handquilten und traditionelle Quilts entwickelt.  Ich liebe es, viele Stunden  zu verbringen, in dem ich viele kleine Stiche auf der Oberfl\u00e4che eines Quilts n\u00e4he.  Ich empfinde es als eine meditative und befriedigende Art der Besch\u00e4ftigung.<\/p>\n\n\n\n<p class=\"wp-block-paragraph\">Zwischendurch geniesse ich verschiedene Arten Handarbeit. Zum Beispiel Sticken, Tischssets n\u00e4hen oder neulich habe ich eine Tragtasche mit der Maschine gequiltet..<\/p>\n","protected":false},"excerpt":{"rendered":"<p>Leiterin ab Januar 2022 mit Esther Gamma F\u00fcr viele Jahre wollte ich einfach Accessoires wie Kissen und Tischsets f\u00fcr mein Zuhause n\u00e4hen. Damals schien es, als ob alles Deko Zubeh\u00f6r in der Schweiz nur in drei Farben erh\u00e4ltlich w\u00e4re; rot schwarz und grau. Ich liebte Farben und Muster und ich wollte mein Haus irgendwie besonders &hellip; <\/p>\n<p class=\"link-more\"><a href=\"https:\/\/haldenquilter.ch\/?page_id=730\" class=\"more-link\"><span class=\"screen-reader-text\">&#171;Jodie Zollinger&#187;<\/span> weiterlesen<\/a><\/p>\n","protected":false},"author":2,"featured_media":0,"parent":0,"menu_order":0,"comment_status":"closed","ping_status":"closed","template":"","meta":{"_crdt_document":"","ngg_post_thumbnail":0,"footnotes":""},"class_list":["post-730","page","type-page","status-publish","hentry"],"_links":{"self":[{"href":"https:\/\/haldenquilter.ch\/index.php?rest_route=\/wp\/v2\/pages\/730","targetHints":{"allow":["GET"]}}],"collection":[{"href":"https:\/\/haldenquilter.ch\/index.php?rest_route=\/wp\/v2\/pages"}],"about":[{"href":"https:\/\/haldenquilter.ch\/index.php?rest_route=\/wp\/v2\/types\/page"}],"author":[{"embeddable":true,"href":"https:\/\/haldenquilter.ch\/index.php?rest_route=\/wp\/v2\/users\/2"}],"replies":[{"embeddable":true,"href":"https:\/\/haldenquilter.ch\/index.php?rest_route=%2Fwp%2Fv2%2Fcomments&post=730"}],"version-history":[{"count":4,"href":"https:\/\/haldenquilter.ch\/index.php?rest_route=\/wp\/v2\/pages\/730\/revisions"}],"predecessor-version":[{"id":842,"href":"https:\/\/haldenquilter.ch\/index.php?rest_route=\/wp\/v2\/pages\/730\/revisions\/842"}],"wp:attachment":[{"href":"https:\/\/haldenquilter.ch\/index.php?rest_route=%2Fwp%2Fv2%2Fmedia&parent=730"}],"curies":[{"name":"wp","href":"https:\/\/api.w.org\/{rel}","templated":true}]}}