{"id":742,"date":"2020-01-27T18:01:21","date_gmt":"2020-01-27T17:01:21","guid":{"rendered":"https:\/\/haldenquilter.ch\/?page_id=742"},"modified":"2022-01-11T16:22:05","modified_gmt":"2022-01-11T15:22:05","slug":"ueber-uns","status":"publish","type":"page","link":"https:\/\/haldenquilter.ch\/?page_id=742","title":{"rendered":"\u00dcber uns"},"content":{"rendered":"\n<p class=\"wp-block-paragraph\">Von Anfang an<\/p>\n\n\n\n<p class=\"wp-block-paragraph\">Nachdem sich wiederholt , zum Teil erfahrene Quilterinnen an Kursen getroffen haben, wurde der Wunsch ge\u00e4ussert, eine Gruppe gr\u00fcnden.<br>Nach der erfolgreichen Suche nach einem geigneten Lokal, fanden wir eine L\u00f6sung im Foyer der Haldenkirche in St Gallen. Also gr\u00fcndeten wir im August 2003 mit 10 Quilterinnen unsere Gruppe die &#187; Halden Quilter&#187;.<\/p>\n\n\n\n<p class=\"wp-block-paragraph\">Schon bald im Fr\u00fchjahr 2004 hatten wir die Gelegenheit, unsere erste Ausstellung und zwar in der Kundenhalle der St Galler Kantonalbank in St Gallen zu realisieren. Dies war ein riesiger Erfolg f\u00fcr unsere noch junge Gruppe. Von da an hatten wir alle 3 Jahre eine Austellung.  Zuerst im Waaghaus St Gallen, danach alle weiteren in der Obvita (Altersheim) St Gallen.<\/p>\n\n\n\n<p class=\"wp-block-paragraph\">Bis Ende 2021 hatte Lilly Ammann die F\u00e4den in der Hand und leitete die Gruppe.<br>Ab 2022 teilen sich die Quilterinnen Esther Gamma und Jodie Zollinger die Leitung<\/p>\n\n\n\n<p class=\"wp-block-paragraph\"><\/p>\n\n\n\n<p class=\"wp-block-paragraph\"><\/p>\n\n\n\n<p class=\"wp-block-paragraph\"><\/p>\n\n\n\n<p class=\"wp-block-paragraph\"><\/p>\n\n\n\n<p class=\"wp-block-paragraph\"><\/p>\n\n\n\n<p class=\"has-text-align-center has-vivid-red-color has-text-color has-large-font-size wp-block-paragraph\"><\/p>\n","protected":false},"excerpt":{"rendered":"<p>Von Anfang an Nachdem sich wiederholt , zum Teil erfahrene Quilterinnen an Kursen getroffen haben, wurde der Wunsch ge\u00e4ussert, eine Gruppe gr\u00fcnden.Nach der erfolgreichen Suche nach einem geigneten Lokal, fanden wir eine L\u00f6sung im Foyer der Haldenkirche in St Gallen. Also gr\u00fcndeten wir im August 2003 mit 10 Quilterinnen unsere Gruppe die &#187; Halden Quilter&#187;. &hellip; <\/p>\n<p class=\"link-more\"><a href=\"https:\/\/haldenquilter.ch\/?page_id=742\" class=\"more-link\"><span class=\"screen-reader-text\">&#171;\u00dcber uns&#187;<\/span> weiterlesen<\/a><\/p>\n","protected":false},"author":1,"featured_media":0,"parent":0,"menu_order":0,"comment_status":"closed","ping_status":"closed","template":"","meta":{"_crdt_document":"","ngg_post_thumbnail":0,"footnotes":""},"class_list":["post-742","page","type-page","status-publish","hentry"],"_links":{"self":[{"href":"https:\/\/haldenquilter.ch\/index.php?rest_route=\/wp\/v2\/pages\/742","targetHints":{"allow":["GET"]}}],"collection":[{"href":"https:\/\/haldenquilter.ch\/index.php?rest_route=\/wp\/v2\/pages"}],"about":[{"href":"https:\/\/haldenquilter.ch\/index.php?rest_route=\/wp\/v2\/types\/page"}],"author":[{"embeddable":true,"href":"https:\/\/haldenquilter.ch\/index.php?rest_route=\/wp\/v2\/users\/1"}],"replies":[{"embeddable":true,"href":"https:\/\/haldenquilter.ch\/index.php?rest_route=%2Fwp%2Fv2%2Fcomments&post=742"}],"version-history":[{"count":15,"href":"https:\/\/haldenquilter.ch\/index.php?rest_route=\/wp\/v2\/pages\/742\/revisions"}],"predecessor-version":[{"id":879,"href":"https:\/\/haldenquilter.ch\/index.php?rest_route=\/wp\/v2\/pages\/742\/revisions\/879"}],"wp:attachment":[{"href":"https:\/\/haldenquilter.ch\/index.php?rest_route=%2Fwp%2Fv2%2Fmedia&parent=742"}],"curies":[{"name":"wp","href":"https:\/\/api.w.org\/{rel}","templated":true}]}}