{"id":864,"date":"2022-01-11T16:55:12","date_gmt":"2022-01-11T15:55:12","guid":{"rendered":"https:\/\/haldenquilter.ch\/?page_id=864"},"modified":"2022-02-02T19:16:31","modified_gmt":"2022-02-02T18:16:31","slug":"864-2","status":"publish","type":"page","link":"https:\/\/haldenquilter.ch\/","title":{"rendered":""},"content":{"rendered":"\n<p class=\"wp-block-paragraph\">Herzlich Willkommen auf der Seite der Halden Quilter.<\/p>\n\n\n\n<p class=\"wp-block-paragraph\">Viel Spass beim st\u00f6bern<\/p>\n\n\n\n<p class=\"wp-block-paragraph\">Wer wir sind<\/p>\n\n\n\n<p class=\"wp-block-paragraph\">Wir sind eine Gruppe von begeisterten Quilterinnen und treffen uns <a href=\"https:\/\/haldenquilter.ch\/?page_id=815\" data-type=\"page\" data-id=\"815\">einmal<\/a> im Monat im Foyer der Haldenkirche in St Gallen.\u00a0 Eine von uns bringt immer etwas zum Kaffee mit und so ist auch der kleine Hunger versorgt.<\/p>\n\n\n\n<p class=\"wp-block-paragraph\">Zu normalen Zeiten (kein Corona) sind wir auch \u00f6fter zusammen an diverse Quiltausstellungen oder Messen gegangen.<\/p>\n\n\n\n<p class=\"wp-block-paragraph\">\u00dcber JEDEN Neuzugang w\u00fcrden wir uns sehr freuen. Kurse bieten wir leider keine an, aber alle stehen gerne mit Rat und Tat zur Verf\u00fcgung um bei Problemen zu helfen.<\/p>\n\n\n\n<p class=\"wp-block-paragraph\">Interessierte sollen sich doch bitte bei Jodie Zollinger oder Esther Gamma in Verbindung setzen.<\/p>\n\n\n\n<div class=\"wp-block-columns is-layout-flex wp-container-core-columns-is-layout-8f761849 wp-block-columns-is-layout-flex\">\n<div class=\"wp-block-column is-layout-flow wp-block-column-is-layout-flow\" style=\"flex-basis:100%\">\n<figure class=\"wp-block-image size-large is-style-rounded\"><img loading=\"lazy\" decoding=\"async\" width=\"1024\" height=\"731\" src=\"https:\/\/haldenquilter.ch\/wp-content\/uploads\/2022\/02\/DSC_6112.JPG-b-1024x731.jpg\" alt=\"\" class=\"wp-image-918\" srcset=\"https:\/\/haldenquilter.ch\/wp-content\/uploads\/2022\/02\/DSC_6112.JPG-b-1024x731.jpg 1024w, https:\/\/haldenquilter.ch\/wp-content\/uploads\/2022\/02\/DSC_6112.JPG-b-300x214.jpg 300w, https:\/\/haldenquilter.ch\/wp-content\/uploads\/2022\/02\/DSC_6112.JPG-b-768x548.jpg 768w\" sizes=\"auto, (max-width: 767px) 89vw, (max-width: 1000px) 54vw, (max-width: 1071px) 543px, 580px\" \/><\/figure>\n<\/div>\n<\/div>\n","protected":false},"excerpt":{"rendered":"<p>Herzlich Willkommen auf der Seite der Halden Quilter. Viel Spass beim st\u00f6bern Wer wir sind Wir sind eine Gruppe von begeisterten Quilterinnen und treffen uns einmal im Monat im Foyer der Haldenkirche in St Gallen.\u00a0 Eine von uns bringt immer etwas zum Kaffee mit und so ist auch der kleine Hunger versorgt. Zu normalen Zeiten &hellip; <\/p>\n<p class=\"link-more\"><a href=\"https:\/\/haldenquilter.ch\/\" class=\"more-link\"><span class=\"screen-reader-text\">&#171;&#187;<\/span> weiterlesen<\/a><\/p>\n","protected":false},"author":1,"featured_media":0,"parent":0,"menu_order":0,"comment_status":"closed","ping_status":"closed","template":"","meta":{"_crdt_document":"","ngg_post_thumbnail":0,"footnotes":""},"class_list":["post-864","page","type-page","status-publish","hentry"],"_links":{"self":[{"href":"https:\/\/haldenquilter.ch\/index.php?rest_route=\/wp\/v2\/pages\/864","targetHints":{"allow":["GET"]}}],"collection":[{"href":"https:\/\/haldenquilter.ch\/index.php?rest_route=\/wp\/v2\/pages"}],"about":[{"href":"https:\/\/haldenquilter.ch\/index.php?rest_route=\/wp\/v2\/types\/page"}],"author":[{"embeddable":true,"href":"https:\/\/haldenquilter.ch\/index.php?rest_route=\/wp\/v2\/users\/1"}],"replies":[{"embeddable":true,"href":"https:\/\/haldenquilter.ch\/index.php?rest_route=%2Fwp%2Fv2%2Fcomments&post=864"}],"version-history":[{"count":4,"href":"https:\/\/haldenquilter.ch\/index.php?rest_route=\/wp\/v2\/pages\/864\/revisions"}],"predecessor-version":[{"id":919,"href":"https:\/\/haldenquilter.ch\/index.php?rest_route=\/wp\/v2\/pages\/864\/revisions\/919"}],"wp:attachment":[{"href":"https:\/\/haldenquilter.ch\/index.php?rest_route=%2Fwp%2Fv2%2Fmedia&parent=864"}],"curies":[{"name":"wp","href":"https:\/\/api.w.org\/{rel}","templated":true}]}}