{"id":907,"date":"2022-01-26T17:53:56","date_gmt":"2022-01-26T16:53:56","guid":{"rendered":"https:\/\/haldenquilter.ch\/?page_id=907"},"modified":"2022-01-26T17:53:56","modified_gmt":"2022-01-26T16:53:56","slug":"esther-gamma","status":"publish","type":"page","link":"https:\/\/haldenquilter.ch\/?page_id=907","title":{"rendered":"Esther Gamma"},"content":{"rendered":"\n<p class=\"wp-block-paragraph\">Meine N\u00e4hleidenschaft wurde wahrscheinlich in meiner Kindheit gelegt. Meine Mutter, gelernte Modistin, n\u00e4hte uns die Kleider. Die N\u00e4hmaschine war sehr pr\u00e4sent auf unserm Esstisch. Oft n\u00e4hte sie am Abend und in der Nacht.<\/p>\n\n\n\n<p class=\"wp-block-paragraph\">So ist es nicht verwunderlich, dass ich in der Handarbeit Spass am Maschinenn\u00e4hen bekam. Es dauerte dann eine Weile bis ich selber f\u00fcr mich Kleider n\u00e4hen konnte. Etwas anderes kannte ich damals nicht.<\/p>\n\n\n\n<p class=\"wp-block-paragraph\">Nach einem Sprachaufenthalt in England fand ich auf irgendeinem Weg den Zugang zu Patchwork Schablonen. So entstand mein erstes Patchwork \u2013 ein Wandbehang\/Quilt ein Stern, damals wusste ich gar nicht wie das Muster hiess.<\/p>\n\n\n\n<p class=\"wp-block-paragraph\">Dann geriet alles in den Hintergrund, die N\u00e4hmaschine verschwand im Schrank und wurde nur noch zum Flicken hervorgeholt.<\/p>\n\n\n\n<p class=\"wp-block-paragraph\">Eines Tages trafen wir auf unsern Reisen ein Ehepaar aus dem Emmental. Bei einem Besuch bei Ihnen zeigte sie mir ihre Werke, die sie gen\u00e4ht hatte. Das gefiel mir \u00fcberaus gut, und ich dachte bei mir, das kann ich doch auch! So war der Funke \u00fcbergesprungen. Ich bekam damals vor 4 Jahren eine neue N\u00e4hmaschine mit diversen M\u00f6glichkeiten, welche ich alle ausprobierte.<\/p>\n\n\n\n<p class=\"wp-block-paragraph\">Ich meldete mich bei Patchwork Kurse an und erhielt hier in kleiner Runde den Einstieg ins Papiern\u00e4hen. Weitere Arbeiten folgten.<\/p>\n\n\n\n<p class=\"wp-block-paragraph\">Meine Neugier war geweckt. Ich wollte alle Techniken ausprobieren. Ich machte mich selber auf die Suche nach Anleitungen und sammelte sehr viele.<\/p>\n\n\n\n<p class=\"wp-block-paragraph\">Eines Tages traf ich Lilly bei einem Ausflug unserer Ehem\u00e4nner. Sie meinte ich solle doch bei den Halden Quilters mitmachen. Da aber hier nur mit der Hand gen\u00e4ht wird, musste ich mir ein entsprechendes Werk suchen. Mein Blick fiel auf den Millefiori \u00abdas Ballett\u00bb von Willyne Hammerstein.<\/p>\n\n\n\n<p class=\"wp-block-paragraph\">Darauf folgte ein Ausflug ins Val d\u2019Argent ans Europ\u00e4ische Patchwork Festival. Hier erstand ich die Stoffe die n\u00f6tig waren f\u00fcr mein Vorhaben und so begann ich von Hand zu n\u00e4hen. Das Werk ist unterdessen fertig.<\/p>\n\n\n\n<p class=\"wp-block-paragraph\">In der Gruppe wurde ich freundlich und mit vielen Tipps aufgenommen. Ich f\u00fchlte mich sofort wohl. Ich kann diese Gruppe nur jedem empfehlen, der nicht allein n\u00e4hen will.<\/p>\n\n\n\n<p class=\"wp-block-paragraph\">Unterdessen wurde ich zur Co-Leiterin gew\u00e4hlt. Dieses Amt habe ich nicht unbedingt gesucht. Es ist mir aber ein Anliegen, dass die Gruppe weiterbestehen kann auch wenn Lilly Ammann jetzt die Verantwortung abgegeben hat.<\/p>\n\n\n\n<p class=\"wp-block-paragraph\">Esther Gamma<\/p>\n","protected":false},"excerpt":{"rendered":"<p>Meine N\u00e4hleidenschaft wurde wahrscheinlich in meiner Kindheit gelegt. Meine Mutter, gelernte Modistin, n\u00e4hte uns die Kleider. Die N\u00e4hmaschine war sehr pr\u00e4sent auf unserm Esstisch. Oft n\u00e4hte sie am Abend und in der Nacht. So ist es nicht verwunderlich, dass ich in der Handarbeit Spass am Maschinenn\u00e4hen bekam. Es dauerte dann eine Weile bis ich selber &hellip; <\/p>\n<p class=\"link-more\"><a href=\"https:\/\/haldenquilter.ch\/?page_id=907\" class=\"more-link\"><span class=\"screen-reader-text\">&#171;Esther Gamma&#187;<\/span> weiterlesen<\/a><\/p>\n","protected":false},"author":2,"featured_media":0,"parent":0,"menu_order":0,"comment_status":"closed","ping_status":"closed","template":"","meta":{"_crdt_document":"","ngg_post_thumbnail":0,"footnotes":""},"class_list":["post-907","page","type-page","status-publish","hentry"],"_links":{"self":[{"href":"https:\/\/haldenquilter.ch\/index.php?rest_route=\/wp\/v2\/pages\/907","targetHints":{"allow":["GET"]}}],"collection":[{"href":"https:\/\/haldenquilter.ch\/index.php?rest_route=\/wp\/v2\/pages"}],"about":[{"href":"https:\/\/haldenquilter.ch\/index.php?rest_route=\/wp\/v2\/types\/page"}],"author":[{"embeddable":true,"href":"https:\/\/haldenquilter.ch\/index.php?rest_route=\/wp\/v2\/users\/2"}],"replies":[{"embeddable":true,"href":"https:\/\/haldenquilter.ch\/index.php?rest_route=%2Fwp%2Fv2%2Fcomments&post=907"}],"version-history":[{"count":1,"href":"https:\/\/haldenquilter.ch\/index.php?rest_route=\/wp\/v2\/pages\/907\/revisions"}],"predecessor-version":[{"id":908,"href":"https:\/\/haldenquilter.ch\/index.php?rest_route=\/wp\/v2\/pages\/907\/revisions\/908"}],"wp:attachment":[{"href":"https:\/\/haldenquilter.ch\/index.php?rest_route=%2Fwp%2Fv2%2Fmedia&parent=907"}],"curies":[{"name":"wp","href":"https:\/\/api.w.org\/{rel}","templated":true}]}}